{"id":1756,"date":"2017-09-12T16:58:45","date_gmt":"2017-09-12T16:58:45","guid":{"rendered":"http:\/\/www.o-s-s.org\/?page_id=1756"},"modified":"2021-07-22T15:20:15","modified_gmt":"2021-07-22T14:20:15","slug":"info","status":"publish","type":"page","link":"https:\/\/www.o-s-s.org\/es\/info\/","title":{"rendered":"Info"},"content":{"rendered":"<h5><strong>Direcci\u00f3n <\/strong><\/h5>\n<p>Office for Strategic Spaces (OSS)\/ Angel Borrego Cubero<br \/>\nC\/ Churruca, 13, 3\u00ba, exterior, izquierda<br \/>\n28004 Madrid, Espa\u00f1a<\/p>\n<h5><strong>Contacto<\/strong><\/h5>\n<p><strong>E-mail<\/strong>: pr@o-s-s.org y officeforstrategicspaces@gmail.com<br \/>\n<strong>T:<\/strong> +34 91 11 55 424<br \/>\n<strong>M:<\/strong> + 34 657 529 044<\/p>\n<p><a href=\"https:\/\/www.facebook.com\/StrategicSpaces\/\" target=\"_blank\" rel=\"noopener\">OSS en Facebook<\/a> |\u00a0<a href=\"https:\/\/vimeo.com\/thecompetitionmovie\" target=\"_blank\" rel=\"noopener\">OSS en Vimeo<\/a>\u00a0|\u00a0<a href=\"https:\/\/www.youtube.com\/user\/strategicspaces\/\" target=\"_blank\" rel=\"noopener\">OSS en Youtube<\/a>\u00a0|\u00a0<a href=\"https:\/\/www.instagram.com\/officeforstrategicspaces\/\" target=\"_blank\" rel=\"noopener\">OSS en Instagram<\/a><\/p>\n<p>Para detalles relacionados con\u00a0<em>The Competition<\/em> (prensa, organizar proyecciones, informaci\u00f3n sobre futuras proyecciones etc), escribe a\u00a0<a href=\"mailto:info@thecompetitionmovie.com\">info@thecompetitionmovie.com<\/a>. Para recibir notificaciones respecto al documental, puedes suscribirte al newsletter en\u00a0<a href=\"http:\/\/www.thecompetitionmovie.com\/\">www.thecompetitionmovie.com<\/a><\/p>\n<h5><strong>Nota legal<\/strong><\/h5>\n<p>Todos los derechos de propiedad intelectual de la p\u00e1gina web www.o-s-s.org y sus contenidos (textos, im\u00e1genes, dise\u00f1o, creatividad) pertenecen a \u00c1ngel Borrego Cubero. El usuario puede visualizar todos los elementos, imprimir, copiar y almacenarlos en el disco duro de su ordenador o cualquier otro disco externo, con fines exclusivamente personales y privados, siendo por lo tanto estrictamente prohibido utilizarlos para usos comerciales, para distribuci\u00f3n y modificaci\u00f3n, alteraci\u00f3n o decontextualizaci\u00f3n<\/p>\n<h5><strong>Dise\u00f1o y desarrollo web<\/strong><\/h5>\n<p><strong>\u00a0<\/strong><a href=\"http:\/\/valbhy.com\" target=\"_blank\" rel=\"noopener\">VALBHY<\/a><\/p>\n<h5><strong>Mantenimiento<\/strong><\/h5>\n<p><strong>\u00a0<\/strong><a href=\"https:\/\/mantenimientowordpress.gpfti.com\/\">gpfti Servicio Mantenimiento WP<\/a><\/p>\n","protected":false},"excerpt":{"rendered":"<p>Direcci\u00f3n Office for Strategic Spaces (OSS)\/ Angel Borrego Cubero C\/ Churruca, 13, 3\u00ba, exterior, izquierda 28004 Madrid, Espa\u00f1a Contacto E-mail: pr@o-s-s.org y officeforstrategicspaces@gmail.com T: +34 91 11 55 424 M: + 34 657 529 044 OSS en Facebook |\u00a0OSS en Vimeo\u00a0|\u00a0OSS en Youtube\u00a0|\u00a0OSS en Instagram Para detalles relacionados con\u00a0The Competition (prensa, organizar proyecciones, informaci\u00f3n sobre [&hellip;]<\/p>\n","protected":false},"author":2,"featured_media":0,"parent":0,"menu_order":0,"comment_status":"closed","ping_status":"closed","template":"","meta":{"_acf_changed":false,"footnotes":""},"class_list":["post-1756","page","type-page","status-publish","hentry"],"acf":[],"yoast_head":"<!-- This site is optimized with the Yoast SEO plugin v27.5 - https:\/\/yoast.com\/product\/yoast-seo-wordpress\/ -->\n<title>Info - Office for Strategic Spaces<\/title>\n<meta name=\"robots\" content=\"index, follow, max-snippet:-1, max-image-preview:large, max-video-preview:-1\" \/>\n<link rel=\"canonical\" href=\"https:\/\/www.o-s-s.org\/es\/info\/\" \/>\n<meta property=\"og:locale\" content=\"es_ES\" \/>\n<meta property=\"og:type\" content=\"article\" \/>\n<meta property=\"og:title\" content=\"Info - Office for Strategic Spaces\" \/>\n<meta property=\"og:description\" content=\"Direcci\u00f3n Office for Strategic Spaces (OSS)\/ Angel Borrego Cubero C\/ Churruca, 13, 3\u00ba, exterior, izquierda 28004 Madrid, Espa\u00f1a Contacto E-mail: pr@o-s-s.org y officeforstrategicspaces@gmail.com T: +34 91 11 55 424 M: + 34 657 529 044 OSS en Facebook |\u00a0OSS en Vimeo\u00a0|\u00a0OSS en Youtube\u00a0|\u00a0OSS en Instagram Para detalles relacionados con\u00a0The Competition (prensa, organizar proyecciones, informaci\u00f3n sobre [&hellip;]\" \/>\n<meta property=\"og:url\" content=\"https:\/\/www.o-s-s.org\/es\/info\/\" \/>\n<meta property=\"og:site_name\" content=\"Office for Strategic Spaces\" \/>\n<meta property=\"article:publisher\" content=\"https:\/\/www.facebook.com\/StrategicSpaces\/\" \/>\n<meta property=\"article:modified_time\" content=\"2021-07-22T14:20:15+00:00\" \/>\n<meta name=\"twitter:card\" content=\"summary_large_image\" \/>\n<meta name=\"twitter:label1\" content=\"Tiempo de lectura\" \/>\n\t<meta name=\"twitter:data1\" content=\"1 minuto\" \/>\n<script type=\"application\/ld+json\" class=\"yoast-schema-graph\">{\"@context\":\"https:\\\/\\\/schema.org\",\"@graph\":[{\"@type\":\"WebPage\",\"@id\":\"https:\\\/\\\/www.o-s-s.org\\\/es\\\/info\\\/\",\"url\":\"https:\\\/\\\/www.o-s-s.org\\\/es\\\/info\\\/\",\"name\":\"Info - Office for Strategic Spaces\",\"isPartOf\":{\"@id\":\"https:\\\/\\\/www.o-s-s.org\\\/#website\"},\"datePublished\":\"2017-09-12T16:58:45+00:00\",\"dateModified\":\"2021-07-22T14:20:15+00:00\",\"breadcrumb\":{\"@id\":\"https:\\\/\\\/www.o-s-s.org\\\/es\\\/info\\\/#breadcrumb\"},\"inLanguage\":\"es\",\"potentialAction\":[{\"@type\":\"ReadAction\",\"target\":[\"https:\\\/\\\/www.o-s-s.org\\\/es\\\/info\\\/\"]}]},{\"@type\":\"BreadcrumbList\",\"@id\":\"https:\\\/\\\/www.o-s-s.org\\\/es\\\/info\\\/#breadcrumb\",\"itemListElement\":[{\"@type\":\"ListItem\",\"position\":1,\"name\":\"Portada\",\"item\":\"https:\\\/\\\/www.o-s-s.org\\\/es\\\/\"},{\"@type\":\"ListItem\",\"position\":2,\"name\":\"Info\"}]},{\"@type\":\"WebSite\",\"@id\":\"https:\\\/\\\/www.o-s-s.org\\\/#website\",\"url\":\"https:\\\/\\\/www.o-s-s.org\\\/\",\"name\":\"OSS Office for Strategic Spaces\",\"description\":\"Office for Strategic Spaces  I Arquitectura, Dise\u00f1o  &amp; Investigaci\u00f3n Urbana\",\"publisher\":{\"@id\":\"https:\\\/\\\/www.o-s-s.org\\\/#organization\"},\"potentialAction\":[{\"@type\":\"SearchAction\",\"target\":{\"@type\":\"EntryPoint\",\"urlTemplate\":\"https:\\\/\\\/www.o-s-s.org\\\/?s={search_term_string}\"},\"query-input\":{\"@type\":\"PropertyValueSpecification\",\"valueRequired\":true,\"valueName\":\"search_term_string\"}}],\"inLanguage\":\"es\"},{\"@type\":\"Organization\",\"@id\":\"https:\\\/\\\/www.o-s-s.org\\\/#organization\",\"name\":\"OSS Office for Strategic Spaces\",\"url\":\"https:\\\/\\\/www.o-s-s.org\\\/\",\"logo\":{\"@type\":\"ImageObject\",\"inLanguage\":\"es\",\"@id\":\"https:\\\/\\\/www.o-s-s.org\\\/#\\\/schema\\\/logo\\\/image\\\/\",\"url\":\"https:\\\/\\\/www.o-s-s.org\\\/wp-content\\\/uploads\\\/2017\\\/09\\\/logo-negro.png\",\"contentUrl\":\"https:\\\/\\\/www.o-s-s.org\\\/wp-content\\\/uploads\\\/2017\\\/09\\\/logo-negro.png\",\"width\":764,\"height\":48,\"caption\":\"OSS Office for Strategic Spaces\"},\"image\":{\"@id\":\"https:\\\/\\\/www.o-s-s.org\\\/#\\\/schema\\\/logo\\\/image\\\/\"},\"sameAs\":[\"https:\\\/\\\/www.facebook.com\\\/StrategicSpaces\\\/\",\"https:\\\/\\\/www.instagram.com\\\/officeforstrategicspaces\\\/\",\"https:\\\/\\\/www.youtube.com\\\/user\\\/strategicspaces\\\/\"]}]}<\/script>\n<!-- \/ Yoast SEO plugin. -->","yoast_head_json":{"title":"Info - Office for Strategic Spaces","robots":{"index":"index","follow":"follow","max-snippet":"max-snippet:-1","max-image-preview":"max-image-preview:large","max-video-preview":"max-video-preview:-1"},"canonical":"https:\/\/www.o-s-s.org\/es\/info\/","og_locale":"es_ES","og_type":"article","og_title":"Info - Office for Strategic Spaces","og_description":"Direcci\u00f3n Office for Strategic Spaces (OSS)\/ Angel Borrego Cubero C\/ Churruca, 13, 3\u00ba, exterior, izquierda 28004 Madrid, Espa\u00f1a Contacto E-mail: pr@o-s-s.org y officeforstrategicspaces@gmail.com T: +34 91 11 55 424 M: + 34 657 529 044 OSS en Facebook |\u00a0OSS en Vimeo\u00a0|\u00a0OSS en Youtube\u00a0|\u00a0OSS en Instagram Para detalles relacionados con\u00a0The Competition (prensa, organizar proyecciones, informaci\u00f3n sobre [&hellip;]","og_url":"https:\/\/www.o-s-s.org\/es\/info\/","og_site_name":"Office for Strategic Spaces","article_publisher":"https:\/\/www.facebook.com\/StrategicSpaces\/","article_modified_time":"2021-07-22T14:20:15+00:00","twitter_card":"summary_large_image","twitter_misc":{"Tiempo de lectura":"1 minuto"},"schema":{"@context":"https:\/\/schema.org","@graph":[{"@type":"WebPage","@id":"https:\/\/www.o-s-s.org\/es\/info\/","url":"https:\/\/www.o-s-s.org\/es\/info\/","name":"Info - Office for Strategic Spaces","isPartOf":{"@id":"https:\/\/www.o-s-s.org\/#website"},"datePublished":"2017-09-12T16:58:45+00:00","dateModified":"2021-07-22T14:20:15+00:00","breadcrumb":{"@id":"https:\/\/www.o-s-s.org\/es\/info\/#breadcrumb"},"inLanguage":"es","potentialAction":[{"@type":"ReadAction","target":["https:\/\/www.o-s-s.org\/es\/info\/"]}]},{"@type":"BreadcrumbList","@id":"https:\/\/www.o-s-s.org\/es\/info\/#breadcrumb","itemListElement":[{"@type":"ListItem","position":1,"name":"Portada","item":"https:\/\/www.o-s-s.org\/es\/"},{"@type":"ListItem","position":2,"name":"Info"}]},{"@type":"WebSite","@id":"https:\/\/www.o-s-s.org\/#website","url":"https:\/\/www.o-s-s.org\/","name":"OSS Office for Strategic Spaces","description":"Office for Strategic Spaces  I Arquitectura, Dise\u00f1o  &amp; Investigaci\u00f3n Urbana","publisher":{"@id":"https:\/\/www.o-s-s.org\/#organization"},"potentialAction":[{"@type":"SearchAction","target":{"@type":"EntryPoint","urlTemplate":"https:\/\/www.o-s-s.org\/?s={search_term_string}"},"query-input":{"@type":"PropertyValueSpecification","valueRequired":true,"valueName":"search_term_string"}}],"inLanguage":"es"},{"@type":"Organization","@id":"https:\/\/www.o-s-s.org\/#organization","name":"OSS Office for Strategic Spaces","url":"https:\/\/www.o-s-s.org\/","logo":{"@type":"ImageObject","inLanguage":"es","@id":"https:\/\/www.o-s-s.org\/#\/schema\/logo\/image\/","url":"https:\/\/www.o-s-s.org\/wp-content\/uploads\/2017\/09\/logo-negro.png","contentUrl":"https:\/\/www.o-s-s.org\/wp-content\/uploads\/2017\/09\/logo-negro.png","width":764,"height":48,"caption":"OSS Office for Strategic Spaces"},"image":{"@id":"https:\/\/www.o-s-s.org\/#\/schema\/logo\/image\/"},"sameAs":["https:\/\/www.facebook.com\/StrategicSpaces\/","https:\/\/www.instagram.com\/officeforstrategicspaces\/","https:\/\/www.youtube.com\/user\/strategicspaces\/"]}]}},"_links":{"self":[{"href":"https:\/\/www.o-s-s.org\/es\/wp-json\/wp\/v2\/pages\/1756","targetHints":{"allow":["GET"]}}],"collection":[{"href":"https:\/\/www.o-s-s.org\/es\/wp-json\/wp\/v2\/pages"}],"about":[{"href":"https:\/\/www.o-s-s.org\/es\/wp-json\/wp\/v2\/types\/page"}],"author":[{"embeddable":true,"href":"https:\/\/www.o-s-s.org\/es\/wp-json\/wp\/v2\/users\/2"}],"replies":[{"embeddable":true,"href":"https:\/\/www.o-s-s.org\/es\/wp-json\/wp\/v2\/comments?post=1756"}],"version-history":[{"count":0,"href":"https:\/\/www.o-s-s.org\/es\/wp-json\/wp\/v2\/pages\/1756\/revisions"}],"wp:attachment":[{"href":"https:\/\/www.o-s-s.org\/es\/wp-json\/wp\/v2\/media?parent=1756"}],"curies":[{"name":"wp","href":"https:\/\/api.w.org\/{rel}","templated":true}]}}