{"id":2842,"date":"2018-06-06T10:08:47","date_gmt":"2018-06-06T10:08:47","guid":{"rendered":"http:\/\/www.o-s-s.org\/?page_id=2842"},"modified":"2021-07-22T14:49:57","modified_gmt":"2021-07-22T13:49:57","slug":"aviso-legal","status":"publish","type":"page","link":"https:\/\/www.o-s-s.org\/es\/aviso-legal\/","title":{"rendered":"Aviso legal"},"content":{"rendered":"<p>1. DATOS DEL RESPONSABLE<\/p>\n<p>El responsable para este sitio web es \u00a0\u00c1ngel Borrego Cubero, con direcci\u00f3n de notificaciones en \u00a0C\/Churruca, 13, 3\u00ba, ext, izq, 28003, Madrid, Espa\u00f1a y \u00a0Correo electr\u00f3nico: pr@o-s-s.org, de aqui en adelante ABC.<\/p>\n<p>En este espacio, el usuario, podr\u00e1 encontrar toda la informaci\u00f3n relativa a los t\u00e9rminos y condiciones legales que definen las relaciones entre los usuarios y nosotros como responsables de esta web. Como usuario, es importante que conozcas estos t\u00e9rminos antes de continuar tu navegaci\u00f3n.<\/p>\n<p>ABC, como responsables de esta web, asumimos el compromiso de procesar la informaci\u00f3n de nuestros usuarios con plenas garant\u00edas y cumplir con los requisitos nacionales y europeos que regulan la recopilaci\u00f3n y uso de los datos personales.<\/p>\n<p>Esta web, por tanto, cumple rigurosamente con La Ley Org\u00e1nica 15\/1999, de 13 de diciembre, de Protecci\u00f3n de Datos de Car\u00e1cter Personal (LOPD), y con el Real Decreto 1720\/2007, de 21 de diciembre, conocido como el Reglamento de desarrollo de la LOPD. Cumple tambi\u00e9n con el Reglamento (UE) 2016\/679 del Parlamento Europeo y del Consejo de 27 de abril de 2016 relativo a la protecci\u00f3n de las personas f\u00edsicas (RGPD), as\u00ed como con la Ley 34\/2002, de 11 de julio, de Servicios de la Sociedad de la Informaci\u00f3n y Comercio Electr\u00f3nico (LSSICE \u00f3 LSSI).<\/p>\n<p>2. CONDICIONES GENERALES DE USO<\/p>\n<p>Las presentes Condiciones Generales regulan el uso (incluyendo el mero acceso) de las p\u00e1ginas de web, integrantes del sitio web de ABC incluidos los contenidos y servicios puestos a disposici\u00f3n en ellas. Toda persona que acceda a la web, https:\/\/www.o-s-s.org \u00a0(\u201cUsuario\u201d) acepta someterse a las Condiciones Generales vigentes en cada momento del portal <a href=\"https:\/\/www.o-s-s.org\">https:\/\/www.o-s-s.org<\/a>.<\/p>\n<p>3. DATOS PERSONALES QUE RECABAMOS Y C\u00d3MO LO HACEMOS<\/p>\n<p>Ver la Pol\u00edtica de Privacidad.<\/p>\n<p>4. COMPROMISOS Y OBLIGACIONES DE LOS USUARIOS<\/p>\n<p>El usuario queda informado, y acepta, que el acceso a la presente web no supone, en modo alguno, el inicio de una relaci\u00f3n comercial con ABC. De esta forma, el usuario se compromete a utilizar el sitio web, sus servicios y contenidos sin contravenir la legislaci\u00f3n vigente, la buena fe y el orden p\u00fablico.<\/p>\n<p>Queda prohibido el uso de la web, con fines il\u00edcitos o lesivos, o que, de cualquier forma, puedan causar perjuicio o impedir el normal funcionamiento del sitio web.<\/p>\n<p>Respecto a los contenidos de esta web, se proh\u00edbe:<\/p>\n<ul>\n<li>Su reproducci\u00f3n, distribuci\u00f3n o modificaci\u00f3n, total o parcial, a menos que se cuente con la autorizaci\u00f3n de sus leg\u00edtimos titulares;<\/li>\n<li>Cualquier vulneraci\u00f3n de los derechos del prestador o de los leg\u00edtimos titulares;<\/li>\n<li>Su utilizaci\u00f3n para fines comerciales o publicitarios.<\/li>\n<\/ul>\n<p>En la utilizaci\u00f3n de la web, https:\/\/www.o-s-s.org, el usuario se compromete a no llevar a cabo\u00a0ninguna conducta\u00a0que pudiera da\u00f1ar la imagen, los intereses y los derechos de ABC o de terceros o que pudiera da\u00f1ar, inutilizar o sobrecargar el portal https:\/\/www.o-s-s.org o que impidiera, de cualquier forma, la normal utilizaci\u00f3n de la web.<\/p>\n<p>5. MEDIDAS DE SEGURIDAD<\/p>\n<p>Los datos personales comunicados por el usuario a ABC pueden ser almacenados en bases de datos automatizadas o no, cuya titularidad corresponde en exclusiva a ABC, asumiendo \u00e9sta todas las medidas de \u00edndole t\u00e9cnica, organizativa y de seguridad que garantizan la confidencialidad, integridad y calidad de la informaci\u00f3n contenida en las mismas de acuerdo con lo establecido en la normativa vigente en protecci\u00f3n de datos. La comunicaci\u00f3n entre los usuarios y https:\/\/www.o-s-s.org utiliza un canal seguro, y los datos transmitidos son cifrados gracias a protocolos a https, por tanto, garantizamos las mejores condiciones de seguridad para que la confidencialidad de los usuarios est\u00e9 garantizada.<\/p>\n<p>No obstante, el usuario debe ser consciente de que las medidas de seguridad de los sistemas inform\u00e1ticos en Internet no son enteramente fiables y que, por tanto https:\/\/www.o-s-s.org no puede garantizar la inexistencia de malware u otros elementos que puedan producir alteraciones en los sistemas inform\u00e1ticos (software y hardware) del usuario o en sus documentos electr\u00f3nicos y ficheros contenidos en los mismos aunque ponemos todos los medios necesarios y las medidas de seguridad oportunas para evitar la presencia de estos elementos da\u00f1inos.<\/p>\n<p>6. PLATAFORMA DE RESOLUCI\u00d3N DE CONFLICTOS<\/p>\n<p>Ponemos tambi\u00e9n a disposici\u00f3n de los usuarios la plataforma de resoluci\u00f3n de litigios que facilita la Comisi\u00f3n Europea y que se encuentra disponible en el siguiente enlace:\u00a0<a href=\"http:\/\/ec.europa.eu\/consumers\/odr\/\">http:\/\/ec.europa.eu\/consumers\/odr\/<\/a><\/p>\n<p>7. DERECHOS DE PROPIEDAD INTELECTUAL E INDUSTRIAL<\/p>\n<p>En virtud de lo dispuesto en los art\u00edculos 8 y 32.1, p\u00e1rrafo segundo, de la Ley de Propiedad Intelectual, quedan expresamente prohibidas la reproducci\u00f3n, la distribuci\u00f3n y la comunicaci\u00f3n p\u00fablica, incluida su modalidad de puesta a disposici\u00f3n, de la totalidad o parte de los contenidos de esta p\u00e1gina web, con fines comerciales, en cualquier soporte y por cualquier medio t\u00e9cnico, sin la autorizaci\u00f3n de ABC. El usuario se compromete a respetar los derechos de Propiedad Intelectual e Industrial titularidad de ABC.<\/p>\n<p>El usuario conoce y acepta que la totalidad del sitio web, conteniendo sin car\u00e1cter exhaustivo el texto, software, contenidos (incluyendo estructura, selecci\u00f3n, ordenaci\u00f3n y presentaci\u00f3n de los mismos) podcast, fotograf\u00edas, material audiovisual y gr\u00e1ficos, est\u00e1 protegida por marcas, derechos de autor y otros derechos leg\u00edtimos, de acuerdo con los tratados internacionales en los que Espa\u00f1a es parte y otros derechos de propiedad y leyes de Espa\u00f1a.<\/p>\n<p>En el caso de que un usuario o un tercero consideren que se ha producido una violaci\u00f3n de sus leg\u00edtimos derechos de propiedad intelectual por la introducci\u00f3n de un determinado contenido en la web, deber\u00e1 notificar dicha circunstancia a ABC indicando:<\/p>\n<ul>\n<li>Datos personales del interesado titular de los derechos presuntamente infringidos, o indicar la representaci\u00f3n con la que act\u00faa en caso de que la reclamaci\u00f3n la presente un tercero distinto del interesado;<\/li>\n<li>Se\u00f1alar los contenidos protegidos por los derechos de propiedad intelectual y su ubicaci\u00f3n en la web;<\/li>\n<li>La acreditaci\u00f3n de los derechos de propiedad intelectual se\u00f1alados;<\/li>\n<li>Declaraci\u00f3n expresa en la que el interesado se responsabiliza de la veracidad de las informaciones facilitadas en la notificaci\u00f3n.<\/li>\n<\/ul>\n<p>8. ENLACES EXTERNOS<\/p>\n<p>Las p\u00e1ginas de la web https:\/\/www.o-s-s.org proporciona enlaces a otros sitios web propios y contenidos que son propiedad de terceros tales como contenido de otros blogs y sitios web.<\/p>\n<p>9. EXCLUSI\u00d3N DE GARANT\u00cdAS Y RESPONSABILIDAD<\/p>\n<p>ABC no otorga ninguna garant\u00eda ni se hace responsable, en ning\u00fan caso, de los da\u00f1os y perjuicios de cualquier naturaleza que pudieran traer causa de:<\/p>\n<ul>\n<li>La falta de disponibilidad, mantenimiento y efectivo funcionamiento de la web, o de sus servicios y contenidos;<\/li>\n<li>La existencia de malware, programas maliciosos o lesivos en los contenidos;<\/li>\n<li>El uso il\u00edcito, negligente, fraudulento o contrario a este Aviso Legal;<\/li>\n<li>La falta de licitud, calidad, fiabilidad, utilidad y disponibilidad de los servicios prestados por terceros y puestos a disposici\u00f3n de los usuarios en el sitio web<\/li>\n<\/ul>\n<p>ABC no se hace responsable bajo ning\u00fan concepto de los da\u00f1os que pudieran dimanar del uso ilegal o indebido de la presente p\u00e1gina web.<\/p>\n<p>10. LEY APLICABLE Y JURISDICCI\u00d3N<\/p>\n<p>Con car\u00e1cter general las relaciones con los usuarios de los servicios telem\u00e1ticos, presentes en esta web se encuentran sometidas a la legislaci\u00f3n y jurisdicci\u00f3n espa\u00f1olas y a los tribunales de Madrid.<\/p>\n<p>11. CONTACTO<\/p>\n<p>En caso de que cualquier usuario tuviese alguna duda acerca de estas Condiciones legales o cualquier comentario sobre el portal https:\/\/www-o-s-s.org por favor dir\u00edjase a <a href=\"mailto:pr@o-s-s.org\">pr@o-s-s.org<\/a><\/p>\n<p>12. ACTUALIZACI\u00d3N<\/p>\n<p>Ultima actualizaci\u00f3n realizada el 1 de diciembre de 2020.<\/p>\n","protected":false},"excerpt":{"rendered":"<p>1. DATOS DEL RESPONSABLE El responsable para este sitio web es \u00a0\u00c1ngel Borrego Cubero, con direcci\u00f3n de notificaciones en \u00a0C\/Churruca, 13, 3\u00ba, ext, izq, 28003, Madrid, Espa\u00f1a y \u00a0Correo electr\u00f3nico: pr@o-s-s.org, de aqui en adelante ABC. En este espacio, el usuario, podr\u00e1 encontrar toda la informaci\u00f3n relativa a los t\u00e9rminos y condiciones legales que definen [&hellip;]<\/p>\n","protected":false},"author":2,"featured_media":0,"parent":0,"menu_order":0,"comment_status":"closed","ping_status":"closed","template":"","meta":{"_acf_changed":false,"footnotes":""},"class_list":["post-2842","page","type-page","status-publish","hentry"],"acf":[],"yoast_head":"<!-- This site is optimized with the Yoast SEO plugin v27.5 - https:\/\/yoast.com\/product\/yoast-seo-wordpress\/ -->\n<title>Aviso legal - Office for Strategic Spaces<\/title>\n<meta name=\"robots\" content=\"index, follow, max-snippet:-1, max-image-preview:large, max-video-preview:-1\" \/>\n<link rel=\"canonical\" href=\"https:\/\/www.o-s-s.org\/es\/aviso-legal\/\" \/>\n<meta property=\"og:locale\" content=\"es_ES\" \/>\n<meta property=\"og:type\" content=\"article\" \/>\n<meta property=\"og:title\" content=\"Aviso legal - Office for Strategic Spaces\" \/>\n<meta property=\"og:description\" content=\"1. DATOS DEL RESPONSABLE El responsable para este sitio web es \u00a0\u00c1ngel Borrego Cubero, con direcci\u00f3n de notificaciones en \u00a0C\/Churruca, 13, 3\u00ba, ext, izq, 28003, Madrid, Espa\u00f1a y \u00a0Correo electr\u00f3nico: pr@o-s-s.org, de aqui en adelante ABC. En este espacio, el usuario, podr\u00e1 encontrar toda la informaci\u00f3n relativa a los t\u00e9rminos y condiciones legales que definen [&hellip;]\" \/>\n<meta property=\"og:url\" content=\"https:\/\/www.o-s-s.org\/es\/aviso-legal\/\" \/>\n<meta property=\"og:site_name\" content=\"Office for Strategic Spaces\" \/>\n<meta property=\"article:publisher\" content=\"https:\/\/www.facebook.com\/StrategicSpaces\/\" \/>\n<meta property=\"article:modified_time\" content=\"2021-07-22T13:49:57+00:00\" \/>\n<meta name=\"twitter:card\" content=\"summary_large_image\" \/>\n<meta name=\"twitter:label1\" content=\"Tiempo de lectura\" \/>\n\t<meta name=\"twitter:data1\" content=\"6 minutos\" \/>\n<script type=\"application\/ld+json\" class=\"yoast-schema-graph\">{\"@context\":\"https:\\\/\\\/schema.org\",\"@graph\":[{\"@type\":\"WebPage\",\"@id\":\"https:\\\/\\\/www.o-s-s.org\\\/es\\\/aviso-legal\\\/\",\"url\":\"https:\\\/\\\/www.o-s-s.org\\\/es\\\/aviso-legal\\\/\",\"name\":\"Aviso legal - Office for Strategic Spaces\",\"isPartOf\":{\"@id\":\"https:\\\/\\\/www.o-s-s.org\\\/#website\"},\"datePublished\":\"2018-06-06T10:08:47+00:00\",\"dateModified\":\"2021-07-22T13:49:57+00:00\",\"breadcrumb\":{\"@id\":\"https:\\\/\\\/www.o-s-s.org\\\/es\\\/aviso-legal\\\/#breadcrumb\"},\"inLanguage\":\"es\",\"potentialAction\":[{\"@type\":\"ReadAction\",\"target\":[\"https:\\\/\\\/www.o-s-s.org\\\/es\\\/aviso-legal\\\/\"]}]},{\"@type\":\"BreadcrumbList\",\"@id\":\"https:\\\/\\\/www.o-s-s.org\\\/es\\\/aviso-legal\\\/#breadcrumb\",\"itemListElement\":[{\"@type\":\"ListItem\",\"position\":1,\"name\":\"Portada\",\"item\":\"https:\\\/\\\/www.o-s-s.org\\\/es\\\/\"},{\"@type\":\"ListItem\",\"position\":2,\"name\":\"Aviso legal\"}]},{\"@type\":\"WebSite\",\"@id\":\"https:\\\/\\\/www.o-s-s.org\\\/#website\",\"url\":\"https:\\\/\\\/www.o-s-s.org\\\/\",\"name\":\"OSS Office for Strategic Spaces\",\"description\":\"Office for Strategic Spaces  I Arquitectura, Dise\u00f1o  &amp; Investigaci\u00f3n Urbana\",\"publisher\":{\"@id\":\"https:\\\/\\\/www.o-s-s.org\\\/#organization\"},\"potentialAction\":[{\"@type\":\"SearchAction\",\"target\":{\"@type\":\"EntryPoint\",\"urlTemplate\":\"https:\\\/\\\/www.o-s-s.org\\\/?s={search_term_string}\"},\"query-input\":{\"@type\":\"PropertyValueSpecification\",\"valueRequired\":true,\"valueName\":\"search_term_string\"}}],\"inLanguage\":\"es\"},{\"@type\":\"Organization\",\"@id\":\"https:\\\/\\\/www.o-s-s.org\\\/#organization\",\"name\":\"OSS Office for Strategic Spaces\",\"url\":\"https:\\\/\\\/www.o-s-s.org\\\/\",\"logo\":{\"@type\":\"ImageObject\",\"inLanguage\":\"es\",\"@id\":\"https:\\\/\\\/www.o-s-s.org\\\/#\\\/schema\\\/logo\\\/image\\\/\",\"url\":\"https:\\\/\\\/www.o-s-s.org\\\/wp-content\\\/uploads\\\/2017\\\/09\\\/logo-negro.png\",\"contentUrl\":\"https:\\\/\\\/www.o-s-s.org\\\/wp-content\\\/uploads\\\/2017\\\/09\\\/logo-negro.png\",\"width\":764,\"height\":48,\"caption\":\"OSS Office for Strategic Spaces\"},\"image\":{\"@id\":\"https:\\\/\\\/www.o-s-s.org\\\/#\\\/schema\\\/logo\\\/image\\\/\"},\"sameAs\":[\"https:\\\/\\\/www.facebook.com\\\/StrategicSpaces\\\/\",\"https:\\\/\\\/www.instagram.com\\\/officeforstrategicspaces\\\/\",\"https:\\\/\\\/www.youtube.com\\\/user\\\/strategicspaces\\\/\"]}]}<\/script>\n<!-- \/ Yoast SEO plugin. -->","yoast_head_json":{"title":"Aviso legal - Office for Strategic Spaces","robots":{"index":"index","follow":"follow","max-snippet":"max-snippet:-1","max-image-preview":"max-image-preview:large","max-video-preview":"max-video-preview:-1"},"canonical":"https:\/\/www.o-s-s.org\/es\/aviso-legal\/","og_locale":"es_ES","og_type":"article","og_title":"Aviso legal - Office for Strategic Spaces","og_description":"1. DATOS DEL RESPONSABLE El responsable para este sitio web es \u00a0\u00c1ngel Borrego Cubero, con direcci\u00f3n de notificaciones en \u00a0C\/Churruca, 13, 3\u00ba, ext, izq, 28003, Madrid, Espa\u00f1a y \u00a0Correo electr\u00f3nico: pr@o-s-s.org, de aqui en adelante ABC. En este espacio, el usuario, podr\u00e1 encontrar toda la informaci\u00f3n relativa a los t\u00e9rminos y condiciones legales que definen [&hellip;]","og_url":"https:\/\/www.o-s-s.org\/es\/aviso-legal\/","og_site_name":"Office for Strategic Spaces","article_publisher":"https:\/\/www.facebook.com\/StrategicSpaces\/","article_modified_time":"2021-07-22T13:49:57+00:00","twitter_card":"summary_large_image","twitter_misc":{"Tiempo de lectura":"6 minutos"},"schema":{"@context":"https:\/\/schema.org","@graph":[{"@type":"WebPage","@id":"https:\/\/www.o-s-s.org\/es\/aviso-legal\/","url":"https:\/\/www.o-s-s.org\/es\/aviso-legal\/","name":"Aviso legal - Office for Strategic Spaces","isPartOf":{"@id":"https:\/\/www.o-s-s.org\/#website"},"datePublished":"2018-06-06T10:08:47+00:00","dateModified":"2021-07-22T13:49:57+00:00","breadcrumb":{"@id":"https:\/\/www.o-s-s.org\/es\/aviso-legal\/#breadcrumb"},"inLanguage":"es","potentialAction":[{"@type":"ReadAction","target":["https:\/\/www.o-s-s.org\/es\/aviso-legal\/"]}]},{"@type":"BreadcrumbList","@id":"https:\/\/www.o-s-s.org\/es\/aviso-legal\/#breadcrumb","itemListElement":[{"@type":"ListItem","position":1,"name":"Portada","item":"https:\/\/www.o-s-s.org\/es\/"},{"@type":"ListItem","position":2,"name":"Aviso legal"}]},{"@type":"WebSite","@id":"https:\/\/www.o-s-s.org\/#website","url":"https:\/\/www.o-s-s.org\/","name":"OSS Office for Strategic Spaces","description":"Office for Strategic Spaces  I Arquitectura, Dise\u00f1o  &amp; Investigaci\u00f3n Urbana","publisher":{"@id":"https:\/\/www.o-s-s.org\/#organization"},"potentialAction":[{"@type":"SearchAction","target":{"@type":"EntryPoint","urlTemplate":"https:\/\/www.o-s-s.org\/?s={search_term_string}"},"query-input":{"@type":"PropertyValueSpecification","valueRequired":true,"valueName":"search_term_string"}}],"inLanguage":"es"},{"@type":"Organization","@id":"https:\/\/www.o-s-s.org\/#organization","name":"OSS Office for Strategic Spaces","url":"https:\/\/www.o-s-s.org\/","logo":{"@type":"ImageObject","inLanguage":"es","@id":"https:\/\/www.o-s-s.org\/#\/schema\/logo\/image\/","url":"https:\/\/www.o-s-s.org\/wp-content\/uploads\/2017\/09\/logo-negro.png","contentUrl":"https:\/\/www.o-s-s.org\/wp-content\/uploads\/2017\/09\/logo-negro.png","width":764,"height":48,"caption":"OSS Office for Strategic Spaces"},"image":{"@id":"https:\/\/www.o-s-s.org\/#\/schema\/logo\/image\/"},"sameAs":["https:\/\/www.facebook.com\/StrategicSpaces\/","https:\/\/www.instagram.com\/officeforstrategicspaces\/","https:\/\/www.youtube.com\/user\/strategicspaces\/"]}]}},"_links":{"self":[{"href":"https:\/\/www.o-s-s.org\/es\/wp-json\/wp\/v2\/pages\/2842","targetHints":{"allow":["GET"]}}],"collection":[{"href":"https:\/\/www.o-s-s.org\/es\/wp-json\/wp\/v2\/pages"}],"about":[{"href":"https:\/\/www.o-s-s.org\/es\/wp-json\/wp\/v2\/types\/page"}],"author":[{"embeddable":true,"href":"https:\/\/www.o-s-s.org\/es\/wp-json\/wp\/v2\/users\/2"}],"replies":[{"embeddable":true,"href":"https:\/\/www.o-s-s.org\/es\/wp-json\/wp\/v2\/comments?post=2842"}],"version-history":[{"count":0,"href":"https:\/\/www.o-s-s.org\/es\/wp-json\/wp\/v2\/pages\/2842\/revisions"}],"wp:attachment":[{"href":"https:\/\/www.o-s-s.org\/es\/wp-json\/wp\/v2\/media?parent=2842"}],"curies":[{"name":"wp","href":"https:\/\/api.w.org\/{rel}","templated":true}]}}