{"id":2853,"date":"2018-06-06T10:13:16","date_gmt":"2018-06-06T10:13:16","guid":{"rendered":"http:\/\/www.o-s-s.org\/?page_id=2853"},"modified":"2021-07-04T10:50:40","modified_gmt":"2021-07-04T09:50:40","slug":"cookies","status":"publish","type":"page","link":"https:\/\/www.o-s-s.org\/es\/cookies\/","title":{"rendered":"Cookies"},"content":{"rendered":"<ul>\n<li>INTRODUCCI\u00d3N<\/li>\n<\/ul>\n<p>En esta web recopilamos y utilizamos la informaci\u00f3n seg\u00fan indicamos en nuestra Pol\u00edtica de Privacidad.\u00a0Una de las formas en las que recopilamos informaci\u00f3n es a trav\u00e9s del uso de la tecnolog\u00eda llamada \u201ccookies\u201d. En \u00c1ngel Borrego Cubero, de aqu\u00ed en adelante ABC, utilizamos cookies para varias cosas.<\/p>\n<ul>\n<li>\u00bfQU\u00c9 ES UNA COOKIE?<\/li>\n<\/ul>\n<p>Una cookie es un dispositivo que se descarga en el equipo terminal de un usuario con la finalidad de almacenar datos que podr\u00e1n ser actualizados y recuperados por la entidad responsable de su instalaci\u00f3n. Las cookies forman parte del Sitio Web. Cuando Usted accede al Sitio Web, este hace que el navegador cree en su dispositivo (ordenador, tableta, tel\u00e9fono, etc.) peque\u00f1os ficheros con informaci\u00f3n necesaria para el funcionamiento del Sitio Web. Estos ficheros (que son las cookies propiamente) forman parte de la tecnolog\u00eda necesaria para el correcto funcionamiento del Sitio Web y no son inherentemente perjudiciales.<\/p>\n<p>Su historial de navegaci\u00f3n y cookies se almacenan en su dispositivo. Las cookies, de forma similar al historial de navegaci\u00f3n o a la memoria cach\u00e9 del navegador, son un rastro de su actividad en Internet. \u00a0Esto puede ser importante si otras personas pueden acceder a su dispositivo. En caso de que est\u00e9 utilizando un equipo compartido, le recomendamos que al acabar elimine la informaci\u00f3n sobre su historial de navegaci\u00f3n, cach\u00e9 y cookies.<\/p>\n<p>Si le preocupa su privacidad, puede desactivar completamente el uso de cookies en el apartado de configuraci\u00f3n de su navegador. Puede desactivar las cookies, pero el Sitio Web o algunas de sus secciones podr\u00edan no funcionar correctamente.<\/p>\n<ul>\n<li>\u00bfQU\u00c9 NO ES UNA COOKIE?<\/li>\n<\/ul>\n<p>No es un virus, ni un troyano, ni un gusano, ni spam, ni spyware, ni abre ventanas pop-up.<\/p>\n<ul>\n<li>\u00bfQU\u00c9 INFORMACI\u00d3N ALMACENA UNA COOKIE?<\/li>\n<\/ul>\n<p>Las cookies no suelen almacenar informaci\u00f3n sensible sobre usted, como tarjetas de cr\u00e9dito o datos bancarios, fotograf\u00edas o informaci\u00f3n personal, etc. Los datos que guardan son de car\u00e1cter t\u00e9cnico, estad\u00edsticos, preferencias personales, personalizaci\u00f3n de contenidos, etc.\u00a0El servidor web no le asocia a usted como persona sino a su navegador web. De hecho, si usted navega habitualmente con el navegador Chrome y prueba a navegar por la misma web con el navegador Firefox, ver\u00e1 que la web no se da cuenta que es usted la misma persona porque en realidad est\u00e1 asociando la informaci\u00f3n al navegador, no a la persona.<\/p>\n<ul>\n<li>\u00bfQUE TIPOS DE COOKIES EXISTEN?<\/li>\n<\/ul>\n<p>Seg\u00fan la entidad que las gestione, las cookies pueden ser:<\/p>\n<p>Cookies propias: Son aqu\u00e9llas que se env\u00edan al equipo terminal del interesado desde un equipo o dominio gestionado por el propio editor y desde el que se presta el servicio solicitado por el usuario.<\/p>\n<p>Cookies de tercero: Son aqu\u00e9llas que se env\u00edan al equipo terminal del usuario desde un equipo o dominio que no es gestionado por el editor, sino por otra entidad que trata los datos obtenidos a trav\u00e9s de las cookies.<\/p>\n<p>Seg\u00fan el plazo de tiempo que permanecen activadas:<\/p>\n<p>Cookies de sesi\u00f3n: Son un tipo de cookies dise\u00f1adas para recabar y almacenar datos mientras el usuario accede a una p\u00e1gina web. Se suelen emplear para almacenar informaci\u00f3n que solo interesa conservar para la prestaci\u00f3n del servicio solicitado por el usuario en una sola ocasi\u00f3n (p.ej. una lista de productos adquiridos).<\/p>\n<p>Cookies persistentes: Son un tipo de cookies en el que los datos siguen almacenados en el terminal y pueden ser accedidos y tratados durante un periodo definido por el responsable de la cookie, y que puede ir de unos minutos a varios a\u00f1os.<\/p>\n<ul>\n<li>\u00bfPARA QU\u00c9 FINALIDADES PUEDEN SER UTILIZADAS LAS COOKIES?<\/li>\n<\/ul>\n<p>Cookies t\u00e9cnicas: Son aqu\u00e9llas que permiten al usuario la navegaci\u00f3n a trav\u00e9s de una p\u00e1gina web, plataforma o aplicaci\u00f3n y la utilizaci\u00f3n de las diferentes opciones o servicios que en ella existan como, por ejemplo, controlar el tr\u00e1fico y la comunicaci\u00f3n de datos, identificar la sesi\u00f3n, acceder a partes de acceso restringido, recordar los elementos que integran un pedido, realizar el proceso de compra de un pedido, realizar la solicitud de inscripci\u00f3n o participaci\u00f3n en un evento, utilizar elementos de seguridad durante la navegaci\u00f3n, almacenar contenidos para la difusi\u00f3n de videos o sonido o compartir contenidos a trav\u00e9s de redes sociales.<\/p>\n<p>Cookies de personalizaci\u00f3n: Son aqu\u00e9llas que permiten al usuario acceder al servicio con algunas caracter\u00edsticas de car\u00e1cter general predefinidas en funci\u00f3n de una serie de criterios en el terminal del usuario como por ejemplo serian el idioma, el tipo de navegador a trav\u00e9s del cual accede al servicio, la configuraci\u00f3n regional desde donde accede al servicio, etc.<\/p>\n<p>Cookies de an\u00e1lisis: Son aqu\u00e9llas que permiten al responsable de las mismas, el seguimiento y an\u00e1lisis del comportamiento de los usuarios de los sitios web a los que est\u00e1n vinculadas. La informaci\u00f3n recogida mediante este tipo de cookies se utiliza en la medici\u00f3n de la actividad de los sitios web, aplicaci\u00f3n o plataforma y para la elaboraci\u00f3n de perfiles de navegaci\u00f3n de los usuarios de dichos sitios, aplicaciones y plataformas, con el fin de introducir mejoras en funci\u00f3n del an\u00e1lisis de los datos de uso que hacen los usuarios del servicio.<\/p>\n<p>Cookies publicitarias: Son aqu\u00e9llas que permiten la gesti\u00f3n, de la forma m\u00e1s eficaz posible, de los espacios publicitarios que, en su caso, el editor haya incluido en una p\u00e1gina web, aplicaci\u00f3n o plataforma desde la que presta el servicio solicitado en base a criterios como el contenido editado o la frecuencia en la que se muestran los anuncios.<\/p>\n<p>Cookies de publicidad comportamental: Son aqu\u00e9llas que permiten la gesti\u00f3n, de la forma m\u00e1s eficaz posible, de los espacios publicitarios que, en su caso, el editor haya incluido en una p\u00e1gina web, aplicaci\u00f3n o plataforma desde la que presta el servicio solicitado. Estas cookies almacenan informaci\u00f3n del comportamiento de los usuarios obtenida a trav\u00e9s de la observaci\u00f3n continuada de sus h\u00e1bitos de navegaci\u00f3n, lo que permite desarrollar un perfil espec\u00edfico para mostrar publicidad en funci\u00f3n del mismo.<\/p>\n<ul>\n<li>\u00bfQU\u00c9 COOKIES UTILIZA ESTE SITIO WEB?<\/li>\n<\/ul>\n<p>Seg\u00fan tipo:<\/p>\n<p>Este Sitio Web utiliza cookies propias como cookies de terceros para mejorar el servicio prestado. Este Sitio Web utiliza cookies persistentes y cookies de sesi\u00f3n.<\/p>\n<p>Seg\u00fan finalidades:<\/p>\n<p>Este Sitio Web utiliza cookies t\u00e9cnicas\u00a0o las\u00a0estrictamente necesarias. Son aquellas que le permiten navegar por la p\u00e1gina web y usar sus funciones esenciales. Estas cookies no recogen ninguna informaci\u00f3n sobre su navegaci\u00f3n que pueda ser utilizada por acciones de marketing o para recordar por qu\u00e9 p\u00e1ginas ha navegado.<\/p>\n<p>ABC es usuario de la plataforma de suministro y alojamiento de blogs WordPress, propiedad de la empresa norteamericana Automattic, Inc. A tales efectos, los usos de tales cookies por los sistemas nunca est\u00e1n bajo control o gesti\u00f3n del responsable de la web, pueden cambiar su funci\u00f3n en cualquier momento, y entrar cookies nuevas. Estas cookies tampoco reportan al responsable de esta web beneficio alguno. Automattic, Inc., utiliza adem\u00e1s otras cookies con la finalidad de ayudar a identificar y rastrear a los visitantes de los sitios de WordPress, conocer el uso que hacen del sitio web de Automattic, as\u00ed como sus preferencias de acceso al mismo, tal y como se recoge en el apartado \u201cCookies\u201d de su pol\u00edtica de privacidad.<\/p>\n<p>Las Cookies utilizadas en este Sitio Web son:<\/p>\n<p><b>Name: _icl_current_admin_language_d41d8cd98f00b204e9800998ecf8427e<\/b><\/p>\n<p>Value: en<\/p>\n<p>Host: <a href=\"http:\/\/www.o-s-s.org\/\">www.o-s-s.org<\/a><\/p>\n<p>Path: \/<\/p>\n<p><b>Name: _icl_current_language<\/b><\/p>\n<p>Value: en<\/p>\n<p>Host: <a href=\"http:\/\/www.o-s-s.org\/\">www.o-s-s.org<\/a><\/p>\n<p>Path: \/<\/p>\n<p><b>Name: ginger-cookie<\/b><\/p>\n<p>Value: Y<\/p>\n<p>Host: <a href=\"http:\/\/www.o-s-s.org\/\">www.o-s-s.org<\/a><\/p>\n<p>Path: \/<\/p>\n<p>Expires: Thu, 07 Jun 2018 10:33:32 GMT<\/p>\n<p><b>Name: wordpress_test_cookie<\/b><\/p>\n<p>Value: WP+Cookie+check<\/p>\n<p>Host: <a href=\"http:\/\/www.o-s-s.org\/\">www.o-s-s.org<\/a><\/p>\n<p>Path: \/<\/p>\n<p>Expires: At end of session<\/p>\n<p>Cookies de redes sociales:<\/p>\n<p>Las cookies de redes sociales pueden almacenarse en su navegador mientras navega por https:\/\/www.o-s-s.org por ejemplo, cuando utiliza el bot\u00f3n de compartir contenidos de https:\/\/www.o-s-s.org en alguna red social. A continuaci\u00f3n tiene informaci\u00f3n sobre las cookies de las redes sociales que utiliza este Sitio web en sus propias pol\u00edticas de cookies:<\/p>\n<p>Cookies de Facebook, ver m\u00e1s informaci\u00f3n en su\u00a0<a href=\"https:\/\/www.facebook.com\/policies\/cookies\/\">pol\u00edtica de cookies<\/a><\/p>\n<p>Cookies de Youtube, ver m\u00e1s informaci\u00f3n en su\u00a0<a href=\"http:\/\/www.google.com\/intl\/es\/policies\/technologies\/types\/\">pol\u00edtica de cookies<\/a><\/p>\n<p>Cookies de Vimeo , ver m\u00e1s informaci\u00f3n en su\u00a0<a href=\"https:\/\/vimeo.com\/cookie_policy\">pol\u00edtica de cookies<\/a><\/p>\n<p>Cookies de Instagram, ver m\u00e1s informaci\u00f3n en su <a href=\"https:\/\/help.instagram.com\/1896641480634370?ref=ig\">pol\u00edtica de cookies<\/a>.<\/p>\n<p>\u00bfC\u00d3MO PUEDO DESACTIVAR LAS COOKIES?<\/p>\n<p>Puede configurar su navegador para que rechace todas las cookies. Sin embargo, es posible que algunas caracter\u00edsticas o servicios del Sitio web no funcionen correctamente sin cookies. La mayor\u00eda de navegadores permiten desactivar completamente las cookies, de manera que Usted podr\u00e1 en cualquier momento elegir qu\u00e9 cookies quiere que funcionen en este Sitio web modificando la configuraci\u00f3n de su navegador. Puede encontrar m\u00e1s informaci\u00f3n en la configuraci\u00f3n de su navegador. A continuaci\u00f3n, le facilitamos tambi\u00e9n los enlaces a las webs de los principales de los navegadores:<\/p>\n<p>Configuraci\u00f3n de cookies para\u00a0<a href=\"http:\/\/support.google.com\/chrome\/bin\/answer.py?hl=es&amp;answer=95647\">Google Chrome<\/a><\/p>\n<p>Configuraci\u00f3n de cookies para\u00a0<a href=\"https:\/\/support.apple.com\/es-es\/HT201265\">Apple Safari<\/a><\/p>\n<p>Configuraci\u00f3n de cookies para\u00a0<a href=\"https:\/\/support.microsoft.com\/en-us\/help\/17442\/windows-internet-explorer-delete-manage-cookies#ie=ie-10\">Internet Explorer<\/a><\/p>\n<p>Configuraci\u00f3n de cookies para\u00a0<a href=\"https:\/\/support.mozilla.org\/es\/kb\/habilitar-y-deshabilitar-cookies-sitios-web-rastrear-preferencias?redirectlocale=es&amp;redirectslug=habilitar-y-deshabilitar-cookies-que-los-sitios-we\">Mozilla Firefox<\/a><\/p>\n<ul>\n<li>M\u00c1S INFORMACI\u00d3N SOBRE LAS COOKIES<\/li>\n<\/ul>\n<p>Puede consultar el reglamento sobre cookies publicado por la Agencia Espa\u00f1ola de Protecci\u00f3n de Datos en su \u201cGu\u00eda sobre el uso de las cookies\u201d y obtener m\u00e1s informaci\u00f3n sobre las cookies en Internet,\u00a0<a href=\"http:\/\/www.aboutcookies.org\/\">http:\/\/www.aboutcookies.org\/<\/a>. Si desea tener un mayor control sobre la instalaci\u00f3n de cookies, puede instalar programas o complementos a su navegador, conocidos como herramientas de \u201cDo Not Track\u201d, que le permitir\u00e1n escoger aquellas cookies que desea permitir.<\/p>\n<ul>\n<li>MODIFICACIONES<\/li>\n<\/ul>\n<p>ABC podr\u00e1 modificar la Pol\u00edtica de Privacidad para adaptarla a las modificaciones que puedan producirse en el Sitio Web o en relaci\u00f3n con el tratamiento de sus datos personales. En tal caso, ABC se pondr\u00e1 en contacto con Usted a trav\u00e9s de los canales de comunicaci\u00f3n habituales y con antelaci\u00f3n suficiente para notificarle las modificaciones pertinentes y le remitir\u00e1 la Pol\u00edtica de privacidad actualizada. Las versiones actualizadas y anteriores de la Pol\u00edtica de Privacidad se encontrar\u00e1n disponibles en todo momento en el Sitio Web.<\/p>\n<ul>\n<li>ACTUALIZACI\u00d3N<\/li>\n<\/ul>\n<p>Esta Pol\u00edtica de cookies ha sido actualizada por \u00faltima vez el 1 de septiembre de 2020.<\/p>\n","protected":false},"excerpt":{"rendered":"<p>INTRODUCCI\u00d3N En esta web recopilamos y utilizamos la informaci\u00f3n seg\u00fan indicamos en nuestra Pol\u00edtica de Privacidad.\u00a0Una de las formas en las que recopilamos informaci\u00f3n es a trav\u00e9s del uso de la tecnolog\u00eda llamada \u201ccookies\u201d. En \u00c1ngel Borrego Cubero, de aqu\u00ed en adelante ABC, utilizamos cookies para varias cosas. \u00bfQU\u00c9 ES UNA COOKIE? Una cookie es [&hellip;]<\/p>\n","protected":false},"author":2,"featured_media":0,"parent":0,"menu_order":0,"comment_status":"closed","ping_status":"closed","template":"","meta":{"_acf_changed":false,"footnotes":""},"class_list":["post-2853","page","type-page","status-publish","hentry"],"acf":[],"yoast_head":"<!-- This site is optimized with the Yoast SEO plugin v27.5 - https:\/\/yoast.com\/product\/yoast-seo-wordpress\/ -->\n<title>Cookies - Office for Strategic Spaces<\/title>\n<meta name=\"robots\" content=\"index, follow, max-snippet:-1, max-image-preview:large, max-video-preview:-1\" \/>\n<link rel=\"canonical\" href=\"https:\/\/www.o-s-s.org\/es\/cookies\/\" \/>\n<meta property=\"og:locale\" content=\"es_ES\" \/>\n<meta property=\"og:type\" content=\"article\" \/>\n<meta property=\"og:title\" content=\"Cookies - Office for Strategic Spaces\" \/>\n<meta property=\"og:description\" content=\"INTRODUCCI\u00d3N En esta web recopilamos y utilizamos la informaci\u00f3n seg\u00fan indicamos en nuestra Pol\u00edtica de Privacidad.\u00a0Una de las formas en las que recopilamos informaci\u00f3n es a trav\u00e9s del uso de la tecnolog\u00eda llamada \u201ccookies\u201d. En \u00c1ngel Borrego Cubero, de aqu\u00ed en adelante ABC, utilizamos cookies para varias cosas. \u00bfQU\u00c9 ES UNA COOKIE? Una cookie es [&hellip;]\" \/>\n<meta property=\"og:url\" content=\"https:\/\/www.o-s-s.org\/es\/cookies\/\" \/>\n<meta property=\"og:site_name\" content=\"Office for Strategic Spaces\" \/>\n<meta property=\"article:publisher\" content=\"https:\/\/www.facebook.com\/StrategicSpaces\/\" \/>\n<meta property=\"article:modified_time\" content=\"2021-07-04T09:50:40+00:00\" \/>\n<meta name=\"twitter:card\" content=\"summary_large_image\" \/>\n<meta name=\"twitter:label1\" content=\"Tiempo de lectura\" \/>\n\t<meta name=\"twitter:data1\" content=\"8 minutos\" \/>\n<script type=\"application\/ld+json\" class=\"yoast-schema-graph\">{\"@context\":\"https:\\\/\\\/schema.org\",\"@graph\":[{\"@type\":\"WebPage\",\"@id\":\"https:\\\/\\\/www.o-s-s.org\\\/es\\\/cookies\\\/\",\"url\":\"https:\\\/\\\/www.o-s-s.org\\\/es\\\/cookies\\\/\",\"name\":\"Cookies - Office for Strategic Spaces\",\"isPartOf\":{\"@id\":\"https:\\\/\\\/www.o-s-s.org\\\/#website\"},\"datePublished\":\"2018-06-06T10:13:16+00:00\",\"dateModified\":\"2021-07-04T09:50:40+00:00\",\"breadcrumb\":{\"@id\":\"https:\\\/\\\/www.o-s-s.org\\\/es\\\/cookies\\\/#breadcrumb\"},\"inLanguage\":\"es\",\"potentialAction\":[{\"@type\":\"ReadAction\",\"target\":[\"https:\\\/\\\/www.o-s-s.org\\\/es\\\/cookies\\\/\"]}]},{\"@type\":\"BreadcrumbList\",\"@id\":\"https:\\\/\\\/www.o-s-s.org\\\/es\\\/cookies\\\/#breadcrumb\",\"itemListElement\":[{\"@type\":\"ListItem\",\"position\":1,\"name\":\"Portada\",\"item\":\"https:\\\/\\\/www.o-s-s.org\\\/es\\\/\"},{\"@type\":\"ListItem\",\"position\":2,\"name\":\"Cookies\"}]},{\"@type\":\"WebSite\",\"@id\":\"https:\\\/\\\/www.o-s-s.org\\\/#website\",\"url\":\"https:\\\/\\\/www.o-s-s.org\\\/\",\"name\":\"OSS Office for Strategic Spaces\",\"description\":\"Office for Strategic Spaces  I Arquitectura, Dise\u00f1o  &amp; Investigaci\u00f3n Urbana\",\"publisher\":{\"@id\":\"https:\\\/\\\/www.o-s-s.org\\\/#organization\"},\"potentialAction\":[{\"@type\":\"SearchAction\",\"target\":{\"@type\":\"EntryPoint\",\"urlTemplate\":\"https:\\\/\\\/www.o-s-s.org\\\/?s={search_term_string}\"},\"query-input\":{\"@type\":\"PropertyValueSpecification\",\"valueRequired\":true,\"valueName\":\"search_term_string\"}}],\"inLanguage\":\"es\"},{\"@type\":\"Organization\",\"@id\":\"https:\\\/\\\/www.o-s-s.org\\\/#organization\",\"name\":\"OSS Office for Strategic Spaces\",\"url\":\"https:\\\/\\\/www.o-s-s.org\\\/\",\"logo\":{\"@type\":\"ImageObject\",\"inLanguage\":\"es\",\"@id\":\"https:\\\/\\\/www.o-s-s.org\\\/#\\\/schema\\\/logo\\\/image\\\/\",\"url\":\"https:\\\/\\\/www.o-s-s.org\\\/wp-content\\\/uploads\\\/2017\\\/09\\\/logo-negro.png\",\"contentUrl\":\"https:\\\/\\\/www.o-s-s.org\\\/wp-content\\\/uploads\\\/2017\\\/09\\\/logo-negro.png\",\"width\":764,\"height\":48,\"caption\":\"OSS Office for Strategic Spaces\"},\"image\":{\"@id\":\"https:\\\/\\\/www.o-s-s.org\\\/#\\\/schema\\\/logo\\\/image\\\/\"},\"sameAs\":[\"https:\\\/\\\/www.facebook.com\\\/StrategicSpaces\\\/\",\"https:\\\/\\\/www.instagram.com\\\/officeforstrategicspaces\\\/\",\"https:\\\/\\\/www.youtube.com\\\/user\\\/strategicspaces\\\/\"]}]}<\/script>\n<!-- \/ Yoast SEO plugin. -->","yoast_head_json":{"title":"Cookies - Office for Strategic Spaces","robots":{"index":"index","follow":"follow","max-snippet":"max-snippet:-1","max-image-preview":"max-image-preview:large","max-video-preview":"max-video-preview:-1"},"canonical":"https:\/\/www.o-s-s.org\/es\/cookies\/","og_locale":"es_ES","og_type":"article","og_title":"Cookies - Office for Strategic Spaces","og_description":"INTRODUCCI\u00d3N En esta web recopilamos y utilizamos la informaci\u00f3n seg\u00fan indicamos en nuestra Pol\u00edtica de Privacidad.\u00a0Una de las formas en las que recopilamos informaci\u00f3n es a trav\u00e9s del uso de la tecnolog\u00eda llamada \u201ccookies\u201d. En \u00c1ngel Borrego Cubero, de aqu\u00ed en adelante ABC, utilizamos cookies para varias cosas. \u00bfQU\u00c9 ES UNA COOKIE? Una cookie es [&hellip;]","og_url":"https:\/\/www.o-s-s.org\/es\/cookies\/","og_site_name":"Office for Strategic Spaces","article_publisher":"https:\/\/www.facebook.com\/StrategicSpaces\/","article_modified_time":"2021-07-04T09:50:40+00:00","twitter_card":"summary_large_image","twitter_misc":{"Tiempo de lectura":"8 minutos"},"schema":{"@context":"https:\/\/schema.org","@graph":[{"@type":"WebPage","@id":"https:\/\/www.o-s-s.org\/es\/cookies\/","url":"https:\/\/www.o-s-s.org\/es\/cookies\/","name":"Cookies - Office for Strategic Spaces","isPartOf":{"@id":"https:\/\/www.o-s-s.org\/#website"},"datePublished":"2018-06-06T10:13:16+00:00","dateModified":"2021-07-04T09:50:40+00:00","breadcrumb":{"@id":"https:\/\/www.o-s-s.org\/es\/cookies\/#breadcrumb"},"inLanguage":"es","potentialAction":[{"@type":"ReadAction","target":["https:\/\/www.o-s-s.org\/es\/cookies\/"]}]},{"@type":"BreadcrumbList","@id":"https:\/\/www.o-s-s.org\/es\/cookies\/#breadcrumb","itemListElement":[{"@type":"ListItem","position":1,"name":"Portada","item":"https:\/\/www.o-s-s.org\/es\/"},{"@type":"ListItem","position":2,"name":"Cookies"}]},{"@type":"WebSite","@id":"https:\/\/www.o-s-s.org\/#website","url":"https:\/\/www.o-s-s.org\/","name":"OSS Office for Strategic Spaces","description":"Office for Strategic Spaces  I Arquitectura, Dise\u00f1o  &amp; Investigaci\u00f3n Urbana","publisher":{"@id":"https:\/\/www.o-s-s.org\/#organization"},"potentialAction":[{"@type":"SearchAction","target":{"@type":"EntryPoint","urlTemplate":"https:\/\/www.o-s-s.org\/?s={search_term_string}"},"query-input":{"@type":"PropertyValueSpecification","valueRequired":true,"valueName":"search_term_string"}}],"inLanguage":"es"},{"@type":"Organization","@id":"https:\/\/www.o-s-s.org\/#organization","name":"OSS Office for Strategic Spaces","url":"https:\/\/www.o-s-s.org\/","logo":{"@type":"ImageObject","inLanguage":"es","@id":"https:\/\/www.o-s-s.org\/#\/schema\/logo\/image\/","url":"https:\/\/www.o-s-s.org\/wp-content\/uploads\/2017\/09\/logo-negro.png","contentUrl":"https:\/\/www.o-s-s.org\/wp-content\/uploads\/2017\/09\/logo-negro.png","width":764,"height":48,"caption":"OSS Office for Strategic Spaces"},"image":{"@id":"https:\/\/www.o-s-s.org\/#\/schema\/logo\/image\/"},"sameAs":["https:\/\/www.facebook.com\/StrategicSpaces\/","https:\/\/www.instagram.com\/officeforstrategicspaces\/","https:\/\/www.youtube.com\/user\/strategicspaces\/"]}]}},"_links":{"self":[{"href":"https:\/\/www.o-s-s.org\/es\/wp-json\/wp\/v2\/pages\/2853","targetHints":{"allow":["GET"]}}],"collection":[{"href":"https:\/\/www.o-s-s.org\/es\/wp-json\/wp\/v2\/pages"}],"about":[{"href":"https:\/\/www.o-s-s.org\/es\/wp-json\/wp\/v2\/types\/page"}],"author":[{"embeddable":true,"href":"https:\/\/www.o-s-s.org\/es\/wp-json\/wp\/v2\/users\/2"}],"replies":[{"embeddable":true,"href":"https:\/\/www.o-s-s.org\/es\/wp-json\/wp\/v2\/comments?post=2853"}],"version-history":[{"count":0,"href":"https:\/\/www.o-s-s.org\/es\/wp-json\/wp\/v2\/pages\/2853\/revisions"}],"wp:attachment":[{"href":"https:\/\/www.o-s-s.org\/es\/wp-json\/wp\/v2\/media?parent=2853"}],"curies":[{"name":"wp","href":"https:\/\/api.w.org\/{rel}","templated":true}]}}